{"id":169,"date":"2021-12-23T12:30:20","date_gmt":"2021-12-23T12:30:20","guid":{"rendered":"https:\/\/demosites.royal-elementor-addons.com\/nature-v1\/?page_id=169"},"modified":"2023-03-27T23:05:17","modified_gmt":"2023-03-27T23:05:17","slug":"servicos","status":"publish","type":"page","link":"https:\/\/mirantedajanela.com.br\/?page_id=169","title":{"rendered":"Servi\u00e7os"},"content":{"rendered":"\t\t<div data-elementor-type=\"wp-page\" data-elementor-id=\"169\" class=\"elementor elementor-169\">\n\t\t\t\t\t\t\t\t\t<section class=\"elementor-section elementor-top-section elementor-element elementor-element-3b808b4 elementor-section-boxed elementor-section-height-default elementor-section-height-default wpr-particle-no wpr-jarallax-no wpr-parallax-no wpr-sticky-section-no\" data-id=\"3b808b4\" data-element_type=\"section\" data-settings=\"{&quot;background_background&quot;:&quot;classic&quot;}\">\n\t\t\t\t\t\t\t<div class=\"elementor-background-overlay\"><\/div>\n\t\t\t\t\t\t\t<div class=\"elementor-container elementor-column-gap-default\">\n\t\t\t\t\t<div class=\"elementor-column elementor-col-100 elementor-top-column elementor-element elementor-element-0041891\" data-id=\"0041891\" data-element_type=\"column\">\n\t\t\t<div class=\"elementor-widget-wrap elementor-element-populated\">\n\t\t\t\t\t\t\t\t<div class=\"elementor-element elementor-element-3670141 elementor-widget elementor-widget-heading\" data-id=\"3670141\" data-element_type=\"widget\" data-widget_type=\"heading.default\">\n\t\t\t\t<div class=\"elementor-widget-container\">\n\t\t\t<style>\/*! elementor - v3.15.0 - 20-08-2023 *\/\n.elementor-heading-title{padding:0;margin:0;line-height:1}.elementor-widget-heading .elementor-heading-title[class*=elementor-size-]>a{color:inherit;font-size:inherit;line-height:inherit}.elementor-widget-heading .elementor-heading-title.elementor-size-small{font-size:15px}.elementor-widget-heading .elementor-heading-title.elementor-size-medium{font-size:19px}.elementor-widget-heading .elementor-heading-title.elementor-size-large{font-size:29px}.elementor-widget-heading .elementor-heading-title.elementor-size-xl{font-size:39px}.elementor-widget-heading .elementor-heading-title.elementor-size-xxl{font-size:59px}<\/style><h2 class=\"elementor-heading-title elementor-size-default\">Servi\u00e7os<\/h2>\t\t<\/div>\n\t\t\t\t<\/div>\n\t\t\t\t\t<\/div>\n\t\t<\/div>\n\t\t\t\t\t\t\t<\/div>\n\t\t<\/section>\n\t\t\t\t<section class=\"elementor-section elementor-top-section elementor-element elementor-element-b3a70f4 elementor-section-boxed elementor-section-height-default elementor-section-height-default wpr-particle-no wpr-jarallax-no wpr-parallax-no wpr-sticky-section-no\" data-id=\"b3a70f4\" data-element_type=\"section\">\n\t\t\t\t\t\t<div class=\"elementor-container elementor-column-gap-default\">\n\t\t\t\t\t<div class=\"elementor-column elementor-col-100 elementor-top-column elementor-element elementor-element-b574533\" data-id=\"b574533\" data-element_type=\"column\">\n\t\t\t<div class=\"elementor-widget-wrap elementor-element-populated\">\n\t\t\t\t\t\t\t\t<section class=\"elementor-section elementor-inner-section elementor-element elementor-element-5a9b1b8 elementor-section-boxed elementor-section-height-default elementor-section-height-default wpr-particle-no wpr-jarallax-no wpr-parallax-no wpr-sticky-section-no\" data-id=\"5a9b1b8\" data-element_type=\"section\">\n\t\t\t\t\t\t<div class=\"elementor-container elementor-column-gap-default\">\n\t\t\t\t\t<div class=\"elementor-column elementor-col-33 elementor-inner-column elementor-element elementor-element-d04c902\" data-id=\"d04c902\" data-element_type=\"column\">\n\t\t\t<div class=\"elementor-widget-wrap elementor-element-populated\">\n\t\t\t\t\t\t\t\t<div class=\"elementor-element elementor-element-1b4bbd2 elementor-widget elementor-widget-image\" data-id=\"1b4bbd2\" data-element_type=\"widget\" data-widget_type=\"image.default\">\n\t\t\t\t<div class=\"elementor-widget-container\">\n\t\t\t<style>\/*! elementor - v3.15.0 - 20-08-2023 *\/\n.elementor-widget-image{text-align:center}.elementor-widget-image a{display:inline-block}.elementor-widget-image a img[src$=\".svg\"]{width:48px}.elementor-widget-image img{vertical-align:middle;display:inline-block}<\/style>\t\t\t\t\t\t\t\t\t\t\t\t<img loading=\"lazy\" decoding=\"async\" width=\"600\" height=\"900\" src=\"https:\/\/mirantedajanela.com.br\/wp-content\/uploads\/2023\/03\/coruja.png\" class=\"attachment-large size-large wp-image-952\" alt=\"\" srcset=\"https:\/\/mirantedajanela.com.br\/wp-content\/uploads\/2023\/03\/coruja.png 600w, https:\/\/mirantedajanela.com.br\/wp-content\/uploads\/2023\/03\/coruja-200x300.png 200w\" sizes=\"(max-width: 600px) 100vw, 600px\" \/>\t\t\t\t\t\t\t\t\t\t\t\t\t\t\t<\/div>\n\t\t\t\t<\/div>\n\t\t\t\t<div class=\"elementor-element elementor-element-974680b elementor-widget elementor-widget-heading\" data-id=\"974680b\" data-element_type=\"widget\" data-widget_type=\"heading.default\">\n\t\t\t\t<div class=\"elementor-widget-container\">\n\t\t\t<h2 class=\"elementor-heading-title elementor-size-default\">Estacionamento<\/h2>\t\t<\/div>\n\t\t\t\t<\/div>\n\t\t\t\t<div class=\"elementor-element elementor-element-b3d1fe7 elementor-widget elementor-widget-text-editor\" data-id=\"b3d1fe7\" data-element_type=\"widget\" data-widget_type=\"text-editor.default\">\n\t\t\t\t<div class=\"elementor-widget-container\">\n\t\t\t<style>\/*! elementor - v3.15.0 - 20-08-2023 *\/\n.elementor-widget-text-editor.elementor-drop-cap-view-stacked .elementor-drop-cap{background-color:#69727d;color:#fff}.elementor-widget-text-editor.elementor-drop-cap-view-framed .elementor-drop-cap{color:#69727d;border:3px solid;background-color:transparent}.elementor-widget-text-editor:not(.elementor-drop-cap-view-default) .elementor-drop-cap{margin-top:8px}.elementor-widget-text-editor:not(.elementor-drop-cap-view-default) .elementor-drop-cap-letter{width:1em;height:1em}.elementor-widget-text-editor .elementor-drop-cap{float:left;text-align:center;line-height:1;font-size:50px}.elementor-widget-text-editor .elementor-drop-cap-letter{display:inline-block}<\/style>\t\t\t\t<p>O estacionamento do Mirante da Janela \u00e9 amplo, seguro e gratuito, com vagas para carros, motos e \u00f4nibus de turismo. \u00c9 importante lembrar que, devido \u00e0 grande procura pelo Mirante da Janela, principalmente nos finais de semana e feriados, o estacionamento pode ficar bastante cheio. Por isso, \u00e9 recomend\u00e1vel chegar cedo para garantir uma vaga e evitar imprevistos.<\/p>\t\t\t\t\t\t<\/div>\n\t\t\t\t<\/div>\n\t\t\t\t\t<\/div>\n\t\t<\/div>\n\t\t\t\t<div class=\"elementor-column elementor-col-33 elementor-inner-column elementor-element elementor-element-671bf68\" data-id=\"671bf68\" data-element_type=\"column\">\n\t\t\t<div class=\"elementor-widget-wrap elementor-element-populated\">\n\t\t\t\t\t\t\t\t<div class=\"elementor-element elementor-element-8467e2a elementor-widget elementor-widget-image\" data-id=\"8467e2a\" data-element_type=\"widget\" data-widget_type=\"image.default\">\n\t\t\t\t<div class=\"elementor-widget-container\">\n\t\t\t\t\t\t\t\t\t\t\t\t\t\t\t<img loading=\"lazy\" decoding=\"async\" width=\"600\" height=\"868\" src=\"https:\/\/mirantedajanela.com.br\/wp-content\/uploads\/2023\/03\/MG_21721-Editado-1.png\" class=\"attachment-large size-large wp-image-1046\" alt=\"\" srcset=\"https:\/\/mirantedajanela.com.br\/wp-content\/uploads\/2023\/03\/MG_21721-Editado-1.png 600w, https:\/\/mirantedajanela.com.br\/wp-content\/uploads\/2023\/03\/MG_21721-Editado-1-207x300.png 207w\" sizes=\"(max-width: 600px) 100vw, 600px\" \/>\t\t\t\t\t\t\t\t\t\t\t\t\t\t\t<\/div>\n\t\t\t\t<\/div>\n\t\t\t\t<div class=\"elementor-element elementor-element-39c9edb elementor-widget elementor-widget-heading\" data-id=\"39c9edb\" data-element_type=\"widget\" data-widget_type=\"heading.default\">\n\t\t\t\t<div class=\"elementor-widget-container\">\n\t\t\t<h2 class=\"elementor-heading-title elementor-size-default\">Manejo da trilha<\/h2>\t\t<\/div>\n\t\t\t\t<\/div>\n\t\t\t\t<div class=\"elementor-element elementor-element-399b570 elementor-widget elementor-widget-text-editor\" data-id=\"399b570\" data-element_type=\"widget\" data-widget_type=\"text-editor.default\">\n\t\t\t\t<div class=\"elementor-widget-container\">\n\t\t\t\t\t\t\t<p>O manejo da trilha do Mirante da Janela \u00e9 fundamental para garantir a conserva\u00e7\u00e3o do ambiente natural e a seguran\u00e7a dos visitantes. A trilha \u00e9 bem sinalizada e possui pontos de apoio, como passarelas de madeiras e corrim\u00e3os, para facilitar o percurso. Para manter a trilha em boas condi\u00e7\u00f5es, \u00e9 importante seguir algumas regras, como n\u00e3o jogar lixo no caminho, n\u00e3o retirar plantas e evitar sair do trajeto demarcado.<\/p>\t\t\t\t\t\t<\/div>\n\t\t\t\t<\/div>\n\t\t\t\t\t<\/div>\n\t\t<\/div>\n\t\t\t\t<div class=\"elementor-column elementor-col-33 elementor-inner-column elementor-element elementor-element-1e18b83\" data-id=\"1e18b83\" data-element_type=\"column\">\n\t\t\t<div class=\"elementor-widget-wrap elementor-element-populated\">\n\t\t\t\t\t\t\t\t<div class=\"elementor-element elementor-element-bc15533 elementor-widget elementor-widget-image\" data-id=\"bc15533\" data-element_type=\"widget\" data-widget_type=\"image.default\">\n\t\t\t\t<div class=\"elementor-widget-container\">\n\t\t\t\t\t\t\t\t\t\t\t\t\t\t\t<img loading=\"lazy\" decoding=\"async\" width=\"768\" height=\"1024\" src=\"https:\/\/mirantedajanela.com.br\/wp-content\/uploads\/2023\/03\/mirante-da-janela-chapada-dos-veadeiros-go-por-graziele-sudre-maior-768x1024.jpg\" class=\"attachment-large size-large wp-image-53\" alt=\"\" srcset=\"https:\/\/mirantedajanela.com.br\/wp-content\/uploads\/2023\/03\/mirante-da-janela-chapada-dos-veadeiros-go-por-graziele-sudre-maior-768x1024.jpg 768w, https:\/\/mirantedajanela.com.br\/wp-content\/uploads\/2023\/03\/mirante-da-janela-chapada-dos-veadeiros-go-por-graziele-sudre-maior-225x300.jpg 225w, https:\/\/mirantedajanela.com.br\/wp-content\/uploads\/2023\/03\/mirante-da-janela-chapada-dos-veadeiros-go-por-graziele-sudre-maior.jpg 975w\" sizes=\"(max-width: 768px) 100vw, 768px\" \/>\t\t\t\t\t\t\t\t\t\t\t\t\t\t\t<\/div>\n\t\t\t\t<\/div>\n\t\t\t\t<div class=\"elementor-element elementor-element-7deef5b elementor-widget elementor-widget-heading\" data-id=\"7deef5b\" data-element_type=\"widget\" data-widget_type=\"heading.default\">\n\t\t\t\t<div class=\"elementor-widget-container\">\n\t\t\t<h2 class=\"elementor-heading-title elementor-size-default\">portaria<\/h2>\t\t<\/div>\n\t\t\t\t<\/div>\n\t\t\t\t<div class=\"elementor-element elementor-element-cd51621 elementor-widget elementor-widget-text-editor\" data-id=\"cd51621\" data-element_type=\"widget\" data-widget_type=\"text-editor.default\">\n\t\t\t\t<div class=\"elementor-widget-container\">\n\t\t\t\t\t\t\t<p>Ponto de entrada para a trilha do Mirante onde os visitantes s\u00e3o recepcionados pelo famoso Afonsinho e orientados sobre as normas de seguran\u00e7a e regras de visita\u00e7\u00e3o. A portaria tamb\u00e9m \u00e9 respons\u00e1vel por controlar o fluxo de visitantes e aonde \u00e9 pago a taxa de R$40 por pessoa para a visita\u00e7\u00e3o. A partir da portaria come\u00e7a a caminhada de 3,5km at\u00e9 o Mirante da Janela, lembrando que no meio do caminho tem uma parada na cachoeira do Abismo em temporada de chuvas.<\/p>\t\t\t\t\t\t<\/div>\n\t\t\t\t<\/div>\n\t\t\t\t\t<\/div>\n\t\t<\/div>\n\t\t\t\t\t\t\t<\/div>\n\t\t<\/section>\n\t\t\t\t\t<\/div>\n\t\t<\/div>\n\t\t\t\t\t\t\t<\/div>\n\t\t<\/section>\n\t\t\t\t\t\t\t<\/div>\n\t\t","protected":false},"excerpt":{"rendered":"<p>Servi\u00e7os Estacionamento O estacionamento do Mirante da Janela \u00e9 amplo, seguro e gratuito, com vagas para carros, motos e \u00f4nibus de turismo. \u00c9 importante lembrar que, devido \u00e0 grande procura pelo Mirante da Janela, principalmente nos finais de semana e feriados, o estacionamento pode ficar bastante cheio. Por isso, \u00e9 recomend\u00e1vel chegar cedo para garantir [&hellip;]<\/p>\n","protected":false},"author":1,"featured_media":0,"parent":0,"menu_order":0,"comment_status":"closed","ping_status":"closed","template":"elementor_canvas","meta":{"footnotes":"","_joinchat":[]},"_links":{"self":[{"href":"https:\/\/mirantedajanela.com.br\/index.php?rest_route=\/wp\/v2\/pages\/169"}],"collection":[{"href":"https:\/\/mirantedajanela.com.br\/index.php?rest_route=\/wp\/v2\/pages"}],"about":[{"href":"https:\/\/mirantedajanela.com.br\/index.php?rest_route=\/wp\/v2\/types\/page"}],"author":[{"embeddable":true,"href":"https:\/\/mirantedajanela.com.br\/index.php?rest_route=\/wp\/v2\/users\/1"}],"replies":[{"embeddable":true,"href":"https:\/\/mirantedajanela.com.br\/index.php?rest_route=%2Fwp%2Fv2%2Fcomments&post=169"}],"version-history":[{"count":34,"href":"https:\/\/mirantedajanela.com.br\/index.php?rest_route=\/wp\/v2\/pages\/169\/revisions"}],"predecessor-version":[{"id":1054,"href":"https:\/\/mirantedajanela.com.br\/index.php?rest_route=\/wp\/v2\/pages\/169\/revisions\/1054"}],"wp:attachment":[{"href":"https:\/\/mirantedajanela.com.br\/index.php?rest_route=%2Fwp%2Fv2%2Fmedia&parent=169"}],"curies":[{"name":"wp","href":"https:\/\/api.w.org\/{rel}","templated":true}]}}